{"id":6848,"date":"2025-07-07T17:56:12","date_gmt":"2025-07-07T16:56:12","guid":{"rendered":"https:\/\/informacionlocal.es\/apotheken-mit-bereitschaftsdienst\/"},"modified":"2025-07-07T17:58:48","modified_gmt":"2025-07-07T16:58:48","slug":"apotheken-mit-bereitschaftsdienst","status":"publish","type":"page","link":"https:\/\/informacionlocal.es\/de\/apotheken-mit-bereitschaftsdienst\/","title":{"rendered":"Apotheken mit Bereitschaftsdienst"},"content":{"rendered":"<p data-start=\"150\" data-end=\"560\">In diesem Abschnitt finden Sie aktuelle Informationen \u00fcber die <strong data-start=\"212\" data-end=\"253\">diensthabenden Apotheken auf Fuerteventura<\/strong>, einschlie\u00dflich \u00d6ffnungszeiten, Adressen, Telefonnummern und Lage auf der Karte. Pr\u00fcfen Sie, welche Apotheke in Ihrer Gemeinde ge\u00f6ffnet hat, ob in <strong data-start=\"388\" data-end=\"410\">Puerto del Rosario<\/strong>, <strong data-start=\"412\" data-end=\"425\">Corralejo<\/strong>, <strong data-start=\"427\" data-end=\"446\">Caleta de Fuste<\/strong>, <strong data-start=\"448\" data-end=\"464\">Gran Tarajal<\/strong> oder <strong data-start=\"467\" data-end=\"482\">Morro Jable<\/strong>, sowohl tags\u00fcber als auch nachts, an Wochenenden und Feiertagen. <\/p>\n<p data-start=\"562\" data-end=\"826\">Einfacher Zugang zu den n\u00e4chstgelegenen <strong data-start=\"586\" data-end=\"608\">Bereitschaftsapotheken<\/strong> auf der ganzen Insel. Dieser Service hilft Ihnen, dringende pharmazeutische Hilfe, Parapharmazieprodukte, verschreibungspflichtige Medikamente und professionelle Betreuung auch au\u00dferhalb der normalen Gesch\u00e4ftszeiten zu finden. <\/p>\n<p data-start=\"828\" data-end=\"926\">Bleiben Sie informiert und finden Sie schnell die n\u00e4chstgelegene Apotheke auf <strong data-start=\"908\" data-end=\"925\">Fuerteventura<\/strong>.<\/p>\n<div class=\"pro-farmacias-wrapper\" data-formato=\"cards\">        <div class=\"pf-widget-guardia\" data-farmacia-id=\"8\">\n                            <div class=\"pf-widget-image\">\n                    <img decoding=\"async\" src=\"https:\/\/informacionlocal.es\/wp-content\/uploads\/2025\/07\/unnamed-1.webp\" alt=\"Farmacia Carlos Pizarro\" loading=\"lazy\">\n                <\/div>\n                        \n            <div class=\"pf-widget-content\">\n                <div class=\"pf-widget-header\">\n                    <h3 class=\"pf-widget-title\">Farmacia Carlos Pizarro<\/h3>\n                                            <span class=\"pf-widget-badge\">De guardia<\/span>\n                                    <\/div>\n                \n                <div class=\"pf-widget-info\">\n                    <p class=\"pf-widget-titular\">\n                        <strong>Titular:<\/strong> Carlos Pizarro                    <\/p>\n                    \n                                            <p class=\"pf-widget-address\">\n                            <span class=\"dashicons dashicons-location\"><\/span>\n                            Avda. Ntra. Sra. del Carmen, 68 - Esquina calle Acacia                        <\/p>\n                        <p class=\"pf-widget-city\">\n                            <span class=\"dashicons dashicons-admin-site-alt3\"><\/span>\n                            La Oliva - Corralejo                        <\/p>\n                                        \n                                            <div class=\"pf-widget-phones\">\n                            <p class=\"pf-widget-phone\">\n                                <span class=\"dashicons dashicons-phone\"><\/span>\n                                <a href=\"tel:928536499\">928536499<\/a>\n                            <\/p>\n                                                    <\/div>\n                                        \n                                        \n                                            <p class=\"pf-widget-turno-info\">\n                            <span class=\"dashicons dashicons-calendar-alt\"><\/span>\n                            De guardia desde 23. April 2026 hasta 29. April 2026                                                    <\/p>\n                                    <\/div>\n                \n                <div class=\"pf-widget-actions\">\n                                            <a href=\"tel:928536499\" class=\"pf-button pf-button-primary\">\n                            <span class=\"dashicons dashicons-phone\"><\/span>\n                            Llamar                        <\/a>\n                                        \n                                            <a href=\"https:\/\/www.google.com\/maps\/dir\/?api=1&destination=28.73287010,-13.87030910\" \n                           target=\"_blank\" \n                           rel=\"noopener noreferrer\" \n                           class=\"pf-button pf-button-secondary\">\n                            <span class=\"dashicons dashicons-location-alt\"><\/span>\n                            Wie man ankommt                        <\/a>\n                                    <\/div>\n            <\/div>\n        <\/div>\n                <div class=\"pf-widget-guardia\" data-farmacia-id=\"12\">\n                            <div class=\"pf-widget-image\">\n                    <img decoding=\"async\" src=\"https:\/\/informacionlocal.es\/wp-content\/uploads\/2025\/07\/unnamed-3.webp\" alt=\"Farmacia Vishal Kishen Daswani\" loading=\"lazy\">\n                <\/div>\n                        \n            <div class=\"pf-widget-content\">\n                <div class=\"pf-widget-header\">\n                    <h3 class=\"pf-widget-title\">Farmacia Vishal Kishen Daswani<\/h3>\n                                            <span class=\"pf-widget-badge\">De guardia<\/span>\n                                    <\/div>\n                \n                <div class=\"pf-widget-info\">\n                    <p class=\"pf-widget-titular\">\n                        <strong>Titular:<\/strong> Vishal Kishen Daswani                    <\/p>\n                    \n                                            <p class=\"pf-widget-address\">\n                            <span class=\"dashicons dashicons-location\"><\/span>\n                            Shopping Center Cosmo - Jand\u00eda                        <\/p>\n                        <p class=\"pf-widget-city\">\n                            <span class=\"dashicons dashicons-admin-site-alt3\"><\/span>\n                            Morro Jable - Jand\u00eda                        <\/p>\n                                        \n                                            <div class=\"pf-widget-phones\">\n                            <p class=\"pf-widget-phone\">\n                                <span class=\"dashicons dashicons-phone\"><\/span>\n                                <a href=\"tel:928540553\">928540553<\/a>\n                            <\/p>\n                                                    <\/div>\n                                        \n                                        \n                                            <p class=\"pf-widget-turno-info\">\n                            <span class=\"dashicons dashicons-calendar-alt\"><\/span>\n                            De guardia desde 23. April 2026 hasta 29. April 2026                                                    <\/p>\n                                    <\/div>\n                \n                <div class=\"pf-widget-actions\">\n                                            <a href=\"tel:928540553\" class=\"pf-button pf-button-primary\">\n                            <span class=\"dashicons dashicons-phone\"><\/span>\n                            Llamar                        <\/a>\n                                        \n                                            <a href=\"https:\/\/www.google.com\/maps\/dir\/?api=1&destination=28.04924430,-14.34136060\" \n                           target=\"_blank\" \n                           rel=\"noopener noreferrer\" \n                           class=\"pf-button pf-button-secondary\">\n                            <span class=\"dashicons dashicons-location-alt\"><\/span>\n                            Wie man ankommt                        <\/a>\n                                    <\/div>\n            <\/div>\n        <\/div>\n                <div class=\"pf-widget-guardia\" data-farmacia-id=\"6\">\n                            <div class=\"pf-widget-image\">\n                    <img decoding=\"async\" src=\"https:\/\/informacionlocal.es\/wp-content\/uploads\/2025\/07\/2023-02-11.webp\" alt=\"Farmacia La Vieja\" loading=\"lazy\">\n                <\/div>\n                        \n            <div class=\"pf-widget-content\">\n                <div class=\"pf-widget-header\">\n                    <h3 class=\"pf-widget-title\">Farmacia La Vieja<\/h3>\n                                            <span class=\"pf-widget-badge\">De guardia<\/span>\n                                    <\/div>\n                \n                <div class=\"pf-widget-info\">\n                    <p class=\"pf-widget-titular\">\n                        <strong>Titular:<\/strong> Farmacia La Vieja                    <\/p>\n                    \n                                            <p class=\"pf-widget-address\">\n                            <span class=\"dashicons dashicons-location\"><\/span>\n                            C\/ Primero de Mayo, 43                        <\/p>\n                        <p class=\"pf-widget-city\">\n                            <span class=\"dashicons dashicons-admin-site-alt3\"><\/span>\n                            Puerto del Rosario                        <\/p>\n                                        \n                                            <div class=\"pf-widget-phones\">\n                            <p class=\"pf-widget-phone\">\n                                <span class=\"dashicons dashicons-phone\"><\/span>\n                                <a href=\"tel:928531721\">928531721<\/a>\n                            <\/p>\n                                                    <\/div>\n                                        \n                                        \n                                            <p class=\"pf-widget-turno-info\">\n                            <span class=\"dashicons dashicons-calendar-alt\"><\/span>\n                            De guardia hoy hasta ma\u00f1ana a las 09:00h                                                    <\/p>\n                                    <\/div>\n                \n                <div class=\"pf-widget-actions\">\n                                            <a href=\"tel:928531721\" class=\"pf-button pf-button-primary\">\n                            <span class=\"dashicons dashicons-phone\"><\/span>\n                            Llamar                        <\/a>\n                                        \n                                            <a href=\"https:\/\/www.google.com\/maps\/dir\/?api=1&destination=0.00000000,0.00000000\" \n                           target=\"_blank\" \n                           rel=\"noopener noreferrer\" \n                           class=\"pf-button pf-button-secondary\">\n                            <span class=\"dashicons dashicons-location-alt\"><\/span>\n                            Wie man ankommt                        <\/a>\n                                    <\/div>\n            <\/div>\n        <\/div>\n                <div class=\"pf-widget-guardia\" data-farmacia-id=\"16\">\n                            <div class=\"pf-widget-image\">\n                    <img decoding=\"async\" src=\"https:\/\/informacionlocal.es\/wp-content\/uploads\/2025\/07\/Captura-de-pantalla-2025-07-07-a-las-17.47.11.png\" alt=\"Farmacia Leandro Fern\u00e1ndez\" loading=\"lazy\">\n                <\/div>\n                        \n            <div class=\"pf-widget-content\">\n                <div class=\"pf-widget-header\">\n                    <h3 class=\"pf-widget-title\">Farmacia Leandro Fern\u00e1ndez<\/h3>\n                                            <span class=\"pf-widget-badge\">De guardia<\/span>\n                                    <\/div>\n                \n                <div class=\"pf-widget-info\">\n                    <p class=\"pf-widget-titular\">\n                        <strong>Titular:<\/strong> Leandro Fern\u00e1ndez                    <\/p>\n                    \n                                            <p class=\"pf-widget-address\">\n                            <span class=\"dashicons dashicons-location\"><\/span>\n                            C\/ Princesa Tamonante, 24 - Gran Tarajal                        <\/p>\n                        <p class=\"pf-widget-city\">\n                            <span class=\"dashicons dashicons-admin-site-alt3\"><\/span>\n                            Tuineje - Gran Tarajal                        <\/p>\n                                        \n                                            <div class=\"pf-widget-phones\">\n                            <p class=\"pf-widget-phone\">\n                                <span class=\"dashicons dashicons-phone\"><\/span>\n                                <a href=\"tel:928870117\">928870117<\/a>\n                            <\/p>\n                                                    <\/div>\n                                        \n                                        \n                                            <p class=\"pf-widget-turno-info\">\n                            <span class=\"dashicons dashicons-calendar-alt\"><\/span>\n                            De guardia desde 23. April 2026 hasta 29. April 2026                                                    <\/p>\n                                    <\/div>\n                \n                <div class=\"pf-widget-actions\">\n                                            <a href=\"tel:928870117\" class=\"pf-button pf-button-primary\">\n                            <span class=\"dashicons dashicons-phone\"><\/span>\n                            Llamar                        <\/a>\n                                        \n                                            <a href=\"https:\/\/www.google.com\/maps\/dir\/?api=1&destination=28.21225500,-14.02205650\" \n                           target=\"_blank\" \n                           rel=\"noopener noreferrer\" \n                           class=\"pf-button pf-button-secondary\">\n                            <span class=\"dashicons dashicons-location-alt\"><\/span>\n                            Wie man ankommt                        <\/a>\n                                    <\/div>\n            <\/div>\n        <\/div>\n        <\/div>\n","protected":false},"excerpt":{"rendered":"<p>In diesem Abschnitt finden Sie aktuelle Informationen \u00fcber die diensthabenden Apotheken auf Fuerteventura, einschlie\u00dflich \u00d6ffnungszeiten, Adressen, Telefonnummern und Lage auf der Karte. Pr\u00fcfen Sie, welche Apotheke in Ihrer Gemeinde ge\u00f6ffnet [&hellip;]<\/p>\n","protected":false},"author":1,"featured_media":6826,"parent":0,"menu_order":0,"comment_status":"closed","ping_status":"closed","template":"","meta":{"inline_featured_image":false,"jnews_page_loop":[],"jnews_single_page":[],"jnews_social_meta":[],"footnotes":""},"class_list":["post-6848","page","type-page","status-publish","has-post-thumbnail","hentry"],"_links":{"self":[{"href":"https:\/\/informacionlocal.es\/de\/wp-json\/wp\/v2\/pages\/6848","targetHints":{"allow":["GET"]}}],"collection":[{"href":"https:\/\/informacionlocal.es\/de\/wp-json\/wp\/v2\/pages"}],"about":[{"href":"https:\/\/informacionlocal.es\/de\/wp-json\/wp\/v2\/types\/page"}],"author":[{"embeddable":true,"href":"https:\/\/informacionlocal.es\/de\/wp-json\/wp\/v2\/users\/1"}],"replies":[{"embeddable":true,"href":"https:\/\/informacionlocal.es\/de\/wp-json\/wp\/v2\/comments?post=6848"}],"version-history":[{"count":2,"href":"https:\/\/informacionlocal.es\/de\/wp-json\/wp\/v2\/pages\/6848\/revisions"}],"predecessor-version":[{"id":6869,"href":"https:\/\/informacionlocal.es\/de\/wp-json\/wp\/v2\/pages\/6848\/revisions\/6869"}],"wp:featuredmedia":[{"embeddable":true,"href":"https:\/\/informacionlocal.es\/de\/wp-json\/wp\/v2\/media\/6826"}],"wp:attachment":[{"href":"https:\/\/informacionlocal.es\/de\/wp-json\/wp\/v2\/media?parent=6848"}],"curies":[{"name":"wp","href":"https:\/\/api.w.org\/{rel}","templated":true}]}}